{"id":1020,"date":"2024-10-11T15:54:18","date_gmt":"2024-10-11T15:54:18","guid":{"rendered":"https:\/\/tribetotribe.com\/tribus-indigenas\/"},"modified":"2025-07-07T01:24:25","modified_gmt":"2025-07-07T01:24:25","slug":"pueblos-indigenas","status":"publish","type":"page","link":"https:\/\/tribetotribe.com\/es-la\/pueblos-indigenas\/","title":{"rendered":"Tribus ind\u00edgenas"},"content":{"rendered":"","protected":false},"excerpt":{"rendered":"","protected":false},"author":1,"featured_media":0,"parent":0,"menu_order":0,"comment_status":"closed","ping_status":"closed","template":"template-page-indigenous.php","meta":{"_acf_changed":false,"inline_featured_image":false,"footnotes":""},"class_list":["post-1020","page","type-page","status-publish","hentry"],"acf":[],"yoast_head":"<!-- This site is optimized with the Yoast SEO plugin v26.9 - https:\/\/yoast.com\/product\/yoast-seo-wordpress\/ -->\n<title>Empoderando a las comunidades ind\u00edgenas en todo el mundo | De tribu a tribu<\/title>\n<meta name=\"description\" content=\"\u00danase a nuestras tribus empoderadoras sin fines de lucro. Descubra talleres que combinan sabidur\u00eda ancestral y neurociencia pr\u00e1ctica para sanar y transformar.\" \/>\n<meta name=\"robots\" content=\"index, follow, max-snippet:-1, max-image-preview:large, max-video-preview:-1\" \/>\n<link rel=\"canonical\" href=\"https:\/\/tribetotribe.com\/es-la\/pueblos-indigenas\/\" \/>\n<meta property=\"og:locale\" content=\"es_LA\" \/>\n<meta property=\"og:type\" content=\"article\" \/>\n<meta property=\"og:title\" content=\"Empoderando a las comunidades ind\u00edgenas en todo el mundo | De tribu a tribu\" \/>\n<meta property=\"og:description\" content=\"\u00danase a nuestras tribus empoderadoras sin fines de lucro. Descubra talleres que combinan sabidur\u00eda ancestral y neurociencia pr\u00e1ctica para sanar y transformar.\" \/>\n<meta property=\"og:url\" content=\"https:\/\/tribetotribe.com\/es-la\/pueblos-indigenas\/\" \/>\n<meta property=\"og:site_name\" content=\"Tribe to Tribe\" \/>\n<meta property=\"article:publisher\" content=\"https:\/\/www.facebook.com\/tribetotribenonprofit\/\" \/>\n<meta property=\"article:modified_time\" content=\"2025-07-07T01:24:25+00:00\" \/>\n<meta name=\"twitter:card\" content=\"summary_large_image\" \/>\n<script type=\"application\/ld+json\" class=\"yoast-schema-graph\">{\"@context\":\"https:\/\/schema.org\",\"@graph\":[{\"@type\":\"WebPage\",\"@id\":\"https:\/\/tribetotribe.com\/es-la\/pueblos-indigenas\/\",\"url\":\"https:\/\/tribetotribe.com\/es-la\/pueblos-indigenas\/\",\"name\":\"Empoderando a las comunidades ind\u00edgenas en todo el mundo | De tribu a tribu\",\"isPartOf\":{\"@id\":\"https:\/\/tribetotribe.com\/es-la\/#website\"},\"datePublished\":\"2024-10-11T15:54:18+00:00\",\"dateModified\":\"2025-07-07T01:24:25+00:00\",\"description\":\"\u00danase a nuestras tribus empoderadoras sin fines de lucro. Descubra talleres que combinan sabidur\u00eda ancestral y neurociencia pr\u00e1ctica para sanar y transformar.\",\"breadcrumb\":{\"@id\":\"https:\/\/tribetotribe.com\/es-la\/pueblos-indigenas\/#breadcrumb\"},\"inLanguage\":\"es-LA\",\"potentialAction\":[{\"@type\":\"ReadAction\",\"target\":[\"https:\/\/tribetotribe.com\/es-la\/pueblos-indigenas\/\"]}]},{\"@type\":\"BreadcrumbList\",\"@id\":\"https:\/\/tribetotribe.com\/es-la\/pueblos-indigenas\/#breadcrumb\",\"itemListElement\":[{\"@type\":\"ListItem\",\"position\":1,\"name\":\"Home\",\"item\":\"https:\/\/tribetotribe.com\/es-la\/\"},{\"@type\":\"ListItem\",\"position\":2,\"name\":\"Tribus ind\u00edgenas\"}]},{\"@type\":\"WebSite\",\"@id\":\"https:\/\/tribetotribe.com\/es-la\/#website\",\"url\":\"https:\/\/tribetotribe.com\/es-la\/\",\"name\":\"Tribe to Tribe\",\"description\":\"\",\"publisher\":{\"@id\":\"https:\/\/tribetotribe.com\/es-la\/#organization\"},\"potentialAction\":[{\"@type\":\"SearchAction\",\"target\":{\"@type\":\"EntryPoint\",\"urlTemplate\":\"https:\/\/tribetotribe.com\/es-la\/?s={search_term_string}\"},\"query-input\":{\"@type\":\"PropertyValueSpecification\",\"valueRequired\":true,\"valueName\":\"search_term_string\"}}],\"inLanguage\":\"es-LA\"},{\"@type\":\"Organization\",\"@id\":\"https:\/\/tribetotribe.com\/es-la\/#organization\",\"name\":\"Tribe to Tribe\",\"url\":\"https:\/\/tribetotribe.com\/es-la\/\",\"logo\":{\"@type\":\"ImageObject\",\"inLanguage\":\"es-LA\",\"@id\":\"https:\/\/tribetotribe.com\/es-la\/#\/schema\/logo\/image\/\",\"url\":\"https:\/\/tribetotribe.com\/wp-content\/uploads\/2024\/10\/logo.png\",\"contentUrl\":\"https:\/\/tribetotribe.com\/wp-content\/uploads\/2024\/10\/logo.png\",\"width\":508,\"height\":507,\"caption\":\"Tribe to Tribe\"},\"image\":{\"@id\":\"https:\/\/tribetotribe.com\/es-la\/#\/schema\/logo\/image\/\"},\"sameAs\":[\"https:\/\/www.facebook.com\/tribetotribenonprofit\/\"]}]}<\/script>\n<!-- \/ Yoast SEO plugin. -->","yoast_head_json":{"title":"Empoderando a las comunidades ind\u00edgenas en todo el mundo | De tribu a tribu","description":"\u00danase a nuestras tribus empoderadoras sin fines de lucro. Descubra talleres que combinan sabidur\u00eda ancestral y neurociencia pr\u00e1ctica para sanar y transformar.","robots":{"index":"index","follow":"follow","max-snippet":"max-snippet:-1","max-image-preview":"max-image-preview:large","max-video-preview":"max-video-preview:-1"},"canonical":"https:\/\/tribetotribe.com\/es-la\/pueblos-indigenas\/","og_locale":"es_LA","og_type":"article","og_title":"Empoderando a las comunidades ind\u00edgenas en todo el mundo | De tribu a tribu","og_description":"\u00danase a nuestras tribus empoderadoras sin fines de lucro. Descubra talleres que combinan sabidur\u00eda ancestral y neurociencia pr\u00e1ctica para sanar y transformar.","og_url":"https:\/\/tribetotribe.com\/es-la\/pueblos-indigenas\/","og_site_name":"Tribe to Tribe","article_publisher":"https:\/\/www.facebook.com\/tribetotribenonprofit\/","article_modified_time":"2025-07-07T01:24:25+00:00","twitter_card":"summary_large_image","schema":{"@context":"https:\/\/schema.org","@graph":[{"@type":"WebPage","@id":"https:\/\/tribetotribe.com\/es-la\/pueblos-indigenas\/","url":"https:\/\/tribetotribe.com\/es-la\/pueblos-indigenas\/","name":"Empoderando a las comunidades ind\u00edgenas en todo el mundo | De tribu a tribu","isPartOf":{"@id":"https:\/\/tribetotribe.com\/es-la\/#website"},"datePublished":"2024-10-11T15:54:18+00:00","dateModified":"2025-07-07T01:24:25+00:00","description":"\u00danase a nuestras tribus empoderadoras sin fines de lucro. Descubra talleres que combinan sabidur\u00eda ancestral y neurociencia pr\u00e1ctica para sanar y transformar.","breadcrumb":{"@id":"https:\/\/tribetotribe.com\/es-la\/pueblos-indigenas\/#breadcrumb"},"inLanguage":"es-LA","potentialAction":[{"@type":"ReadAction","target":["https:\/\/tribetotribe.com\/es-la\/pueblos-indigenas\/"]}]},{"@type":"BreadcrumbList","@id":"https:\/\/tribetotribe.com\/es-la\/pueblos-indigenas\/#breadcrumb","itemListElement":[{"@type":"ListItem","position":1,"name":"Home","item":"https:\/\/tribetotribe.com\/es-la\/"},{"@type":"ListItem","position":2,"name":"Tribus ind\u00edgenas"}]},{"@type":"WebSite","@id":"https:\/\/tribetotribe.com\/es-la\/#website","url":"https:\/\/tribetotribe.com\/es-la\/","name":"Tribe to Tribe","description":"","publisher":{"@id":"https:\/\/tribetotribe.com\/es-la\/#organization"},"potentialAction":[{"@type":"SearchAction","target":{"@type":"EntryPoint","urlTemplate":"https:\/\/tribetotribe.com\/es-la\/?s={search_term_string}"},"query-input":{"@type":"PropertyValueSpecification","valueRequired":true,"valueName":"search_term_string"}}],"inLanguage":"es-LA"},{"@type":"Organization","@id":"https:\/\/tribetotribe.com\/es-la\/#organization","name":"Tribe to Tribe","url":"https:\/\/tribetotribe.com\/es-la\/","logo":{"@type":"ImageObject","inLanguage":"es-LA","@id":"https:\/\/tribetotribe.com\/es-la\/#\/schema\/logo\/image\/","url":"https:\/\/tribetotribe.com\/wp-content\/uploads\/2024\/10\/logo.png","contentUrl":"https:\/\/tribetotribe.com\/wp-content\/uploads\/2024\/10\/logo.png","width":508,"height":507,"caption":"Tribe to Tribe"},"image":{"@id":"https:\/\/tribetotribe.com\/es-la\/#\/schema\/logo\/image\/"},"sameAs":["https:\/\/www.facebook.com\/tribetotribenonprofit\/"]}]}},"_links":{"self":[{"href":"https:\/\/tribetotribe.com\/es-la\/wp-json\/wp\/v2\/pages\/1020","targetHints":{"allow":["GET"]}}],"collection":[{"href":"https:\/\/tribetotribe.com\/es-la\/wp-json\/wp\/v2\/pages"}],"about":[{"href":"https:\/\/tribetotribe.com\/es-la\/wp-json\/wp\/v2\/types\/page"}],"author":[{"embeddable":true,"href":"https:\/\/tribetotribe.com\/es-la\/wp-json\/wp\/v2\/users\/1"}],"replies":[{"embeddable":true,"href":"https:\/\/tribetotribe.com\/es-la\/wp-json\/wp\/v2\/comments?post=1020"}],"version-history":[{"count":0,"href":"https:\/\/tribetotribe.com\/es-la\/wp-json\/wp\/v2\/pages\/1020\/revisions"}],"wp:attachment":[{"href":"https:\/\/tribetotribe.com\/es-la\/wp-json\/wp\/v2\/media?parent=1020"}],"curies":[{"name":"wp","href":"https:\/\/api.w.org\/{rel}","templated":true}]}}