{"id":2185,"date":"2025-07-14T09:39:44","date_gmt":"2025-07-14T09:39:44","guid":{"rendered":"https:\/\/tribetotribe.com\/?page_id=2185"},"modified":"2025-07-14T18:08:43","modified_gmt":"2025-07-14T18:08:43","slug":"privacy-statement-au-de","status":"publish","type":"page","link":"https:\/\/tribetotribe.com\/de\/privacy-statement-au-de\/","title":{"rendered":"Privacy Statement (AU)"},"content":{"rendered":"\n<!-- Legal document generated by Complianz | GDPR\/CCPA Cookie Consent https:\/\/wordpress.org\/plugins\/complianz-gdpr -->\n<div id=\"cmplz-document\" class=\"cmplz-document privacy-statement cmplz-document-au\"><p><i>This privacy statement was last changed on Juli 18, 2025, last checked on Juli 18, 2025, and applies to citizens of Australia.<\/i><br \/><br \/><\/p><p>In this privacy statement, we explain what we do with the data we obtain about you via <a href=\"https:\/\/tribetotribe.com\/de\/\">https:\/\/tribetotribe.com\/de\/<\/a>. We recommend you carefully read this statement. In our processing we comply with the requirements of privacy legislation. That means, among other things, that:<ul>\n                <li>we clearly state the purposes for which we process personal data. We do this by means of this privacy statement;<\/li>\n                <li>we aim to limit our collection of personal data to only the personal data required for legitimate purposes;<\/li>\n                <li>we first request your explicit consent to process your personal data in cases requiring your consent;<\/li>\n                <li>we take appropriate security measures to protect your personal data and also require this from parties that process personal data on our behalf;<\/li>\n                <li>we respect your right to access your personal data or have it corrected or deleted, at your request.<\/li>\n            <\/ul><\/p>If you have any questions, or want to know exactly what data we keep of you, please contact us.<h2>1. Zweck und Kategorien von Daten<\/h2><p>Wir k\u00f6nnen personenbezogene Daten f\u00fcr eine Reihe von Zwecken im Zusammenhang mit unserer Gesch\u00e4ftst\u00e4tigkeit sammeln oder erhalten, darunter die folgenden: (zum Vergr\u00f6\u00dfern anklicken)<\/b><\/p><details class=\"cmplz-dropdown dropdown-privacy-statement\"><summary><div><h3>1.1 Kontakt - per Telefon, Post, E-Mail und\/oder Webformate<\/h3><\/div><\/summary><p class=\"cmplz-subtitle\">Die folgenden Datenkategorien werden erfasst<\/p><p><ul><li>Ein Vor- und Nachname<\/li><li>Eine E-Mail-Adresse<\/li><li>Eine Telefonnummer<\/li><li>Ein Zuhause oder andere physische Adresse, einschlie\u00dflich Stra\u00dfenname und Name der Stadt\/Ort<\/li><\/ul><\/p><p class=\"cmplz-subtitle\">Bewahrungsfrist<\/p><p>Wir speichern diese Daten bis zur Beendigung des Dienstes.<\/p><\/details><details class=\"cmplz-dropdown dropdown-privacy-statement\"><summary><div><h3>1.2 Newsletter<\/h3><\/div><\/summary><p class=\"cmplz-subtitle\">Die folgenden Datenkategorien werden erfasst<\/p><p><ul><li>Ein Vor- und Nachname<\/li><li>Eine E-Mail-Adresse<\/li><li>Eine Telefonnummer<\/li><li>Ein Zuhause oder andere physische Adresse, einschlie\u00dflich Stra\u00dfenname und Name der Stadt\/Ort<\/li><\/ul><\/p><p class=\"cmplz-subtitle\">Bewahrungsfrist<\/p><p>Wir speichern diese Daten bis zur Beendigung des Dienstes.<\/p><\/details><h2>2. Sharing with other parties<\/h2><p>We do not share data with third parties.<\/p><h2>3. Disclosure practices<\/h2><p><p>We disclose personal information if we are required by law or by a court order, in response to a law enforcement agency, to the extent permitted under other provisions of law, to provide information, or for an investigation on a matter related to public safety.<\/p><p>If our website or organisation is taken over, sold, or involved in a merger or acquisition, your details may be disclosed to our advisers and any prospective purchasers and will be passed on to the new owners.<\/p><\/p><h2>4. What if you don&#039;t provide us with your personal information?<\/h2><p>If you don't provide us with your personal information, we may not be able to provide you with the information, products or assistance that you are seeking.<\/p><h2>5. How we respond to Do Not Track signals &amp; Global Privacy Control <\/h2><p>Our website does not respond to and does not support the Do Not Track (DNT) header request field.<\/p><h2>6. Cookies<\/h2><p>Our website uses cookies. For more information about cookies, please refer to our Cookie Policy on our <a href=\"https:\/\/tribetotribe.com\/de\/cookie-policy-au-de\/\">Cookie Policy (AU)<\/a> webpage.&nbsp;<\/p><p>We have concluded a data processing agreement with Google.<\/p><p>Google may not use the data for any other Google services.<\/p><h2>7. Security<\/h2><p>We are committed to the security of personal data. We take appropriate security measures to limit abuse of and unauthorized access to personal data. This ensures that only the necessary persons have access to your data, that access to the data is protected, and that our security measures are regularly reviewed.<\/p><h2>8. Third party websites<\/h2><p>This privacy statement does not apply to third party websites connected by links on our website. We cannot guarantee that these third parties handle your personal data in a reliable or secure manner. We recommend you read the privacy statements of these websites prior to making use of these websites.<\/p><h2>9. Amendments to this privacy statement<\/h2><p>We reserve the right to make amendments to this privacy statement. It is recommended that you consult this privacy statement regularly in order to be aware of any changes. In addition, we will actively inform you wherever possible.<\/p><h2>10. Accessing and modifying your data<\/h2><p>If you have any questions or want to know which personal data we have about you, please contact us. Please make sure to always clearly state who you are, so that we can be certain that we do not modify or delete any data of the wrong person. We shall provide the requested information only upon receipt of a verifiable consumer request. You can contact us by using the information below. You have the following rights:<\/p><p class=\"cmplz-subtitle\">10.1 You have the following rights with respect to your personal data<\/p><ol class=\"alphabetic\">\n                        <li>You may submit a request for access to the data we process about you.<\/li>\n                        <li>You may request an overview, in a commonly used format, of the data we process about you.<\/li>\n                        <li>You may request correction or deletion of the data if it is incorrect or not or no longer relevant for any purpose under the Privacy Act.<\/li>\n                      <\/ol>\n                      <h2>11. Children<\/h2><p>Our website is not designed to attract children and it is not our intent to collect personal data from children under the age of consent in their country of residence. We therefore request that children under the age of consent do not submit any personal data to us.<\/p><h2>12. Contact details<\/h2><p>Tribe to Tribe<br \/>\n        South Dakota 57770<br \/>\n        Vereinigte Staaten von Amerika<br \/>\n        Website: <a href=\"https:\/\/tribetotribe.com\/de\/\">https:\/\/tribetotribe.com\/de\/<\/a> <br \/>\n        E-Mail: <span class=\"cmplz-obfuscate\">&#104;e&#108;&#108;o@<span class=\"cmplz-fmail-domain\">&#101;x&#046;&#099;&#111;&#109;<\/span>&#116;r&#105;b&#101;&#116;o&#116;&#114;&#105;b&#101;.c&#111;&#109;<\/span> <br \/>\n        <br \/>\n        <\/p><p>We have appointed a contact person for the organization\u2019s policies and practices and to whom complaints or inquiries can be forwarded:<br \/>Anja Zsch\u00f6rnig<br \/>789 Tobacco Road<br \/>\nWest Oglala Lakota (Pine Ridge)<br \/>\nSouth Dakota 57770<br \/>\nUnited States of America<\/p><\/div>\n","protected":false},"excerpt":{"rendered":"","protected":false},"author":1,"featured_media":0,"parent":0,"menu_order":0,"comment_status":"closed","ping_status":"closed","template":"template-page-privacy-policy.php","meta":{"_acf_changed":false,"inline_featured_image":false,"footnotes":""},"class_list":["post-2185","page","type-page","status-publish","hentry"],"acf":[],"yoast_head":"<!-- This site is optimized with the Yoast SEO plugin v26.9 - https:\/\/yoast.com\/product\/yoast-seo-wordpress\/ -->\n<title>Privacy Statement (AU) - Tribe to Tribe<\/title>\n<meta name=\"robots\" content=\"index, follow, max-snippet:-1, max-image-preview:large, max-video-preview:-1\" \/>\n<link rel=\"canonical\" href=\"https:\/\/tribetotribe.com\/de\/privacy-statement-au-de\/\" \/>\n<meta property=\"og:locale\" content=\"de_DE\" \/>\n<meta property=\"og:type\" content=\"article\" \/>\n<meta property=\"og:title\" content=\"Privacy Statement (AU) - Tribe to Tribe\" \/>\n<meta property=\"og:url\" content=\"https:\/\/tribetotribe.com\/de\/privacy-statement-au-de\/\" \/>\n<meta property=\"og:site_name\" content=\"Tribe to Tribe\" \/>\n<meta property=\"article:publisher\" content=\"https:\/\/www.facebook.com\/tribetotribenonprofit\/\" \/>\n<meta property=\"article:modified_time\" content=\"2025-07-14T18:08:43+00:00\" \/>\n<meta name=\"twitter:card\" content=\"summary_large_image\" \/>\n<meta name=\"twitter:label1\" content=\"Gesch\u00e4tzte Lesezeit\" \/>\n\t<meta name=\"twitter:data1\" content=\"1\u00a0Minute\" \/>\n<script type=\"application\/ld+json\" class=\"yoast-schema-graph\">{\"@context\":\"https:\/\/schema.org\",\"@graph\":[{\"@type\":\"WebPage\",\"@id\":\"https:\/\/tribetotribe.com\/de\/privacy-statement-au-de\/\",\"url\":\"https:\/\/tribetotribe.com\/de\/privacy-statement-au-de\/\",\"name\":\"Privacy Statement (AU) - Tribe to Tribe\",\"isPartOf\":{\"@id\":\"https:\/\/tribetotribe.com\/de\/#website\"},\"datePublished\":\"2025-07-14T09:39:44+00:00\",\"dateModified\":\"2025-07-14T18:08:43+00:00\",\"breadcrumb\":{\"@id\":\"https:\/\/tribetotribe.com\/de\/privacy-statement-au-de\/#breadcrumb\"},\"inLanguage\":\"de\",\"potentialAction\":[{\"@type\":\"ReadAction\",\"target\":[\"https:\/\/tribetotribe.com\/de\/privacy-statement-au-de\/\"]}]},{\"@type\":\"BreadcrumbList\",\"@id\":\"https:\/\/tribetotribe.com\/de\/privacy-statement-au-de\/#breadcrumb\",\"itemListElement\":[{\"@type\":\"ListItem\",\"position\":1,\"name\":\"Home\",\"item\":\"https:\/\/tribetotribe.com\/de\/\"},{\"@type\":\"ListItem\",\"position\":2,\"name\":\"Privacy Statement (AU)\"}]},{\"@type\":\"WebSite\",\"@id\":\"https:\/\/tribetotribe.com\/de\/#website\",\"url\":\"https:\/\/tribetotribe.com\/de\/\",\"name\":\"Tribe to Tribe\",\"description\":\"\",\"publisher\":{\"@id\":\"https:\/\/tribetotribe.com\/de\/#organization\"},\"potentialAction\":[{\"@type\":\"SearchAction\",\"target\":{\"@type\":\"EntryPoint\",\"urlTemplate\":\"https:\/\/tribetotribe.com\/de\/?s={search_term_string}\"},\"query-input\":{\"@type\":\"PropertyValueSpecification\",\"valueRequired\":true,\"valueName\":\"search_term_string\"}}],\"inLanguage\":\"de\"},{\"@type\":\"Organization\",\"@id\":\"https:\/\/tribetotribe.com\/de\/#organization\",\"name\":\"Tribe to Tribe\",\"url\":\"https:\/\/tribetotribe.com\/de\/\",\"logo\":{\"@type\":\"ImageObject\",\"inLanguage\":\"de\",\"@id\":\"https:\/\/tribetotribe.com\/de\/#\/schema\/logo\/image\/\",\"url\":\"https:\/\/tribetotribe.com\/wp-content\/uploads\/2024\/10\/logo.png\",\"contentUrl\":\"https:\/\/tribetotribe.com\/wp-content\/uploads\/2024\/10\/logo.png\",\"width\":508,\"height\":507,\"caption\":\"Tribe to Tribe\"},\"image\":{\"@id\":\"https:\/\/tribetotribe.com\/de\/#\/schema\/logo\/image\/\"},\"sameAs\":[\"https:\/\/www.facebook.com\/tribetotribenonprofit\/\"]}]}<\/script>\n<!-- \/ Yoast SEO plugin. -->","yoast_head_json":{"title":"Privacy Statement (AU) - Tribe to Tribe","robots":{"index":"index","follow":"follow","max-snippet":"max-snippet:-1","max-image-preview":"max-image-preview:large","max-video-preview":"max-video-preview:-1"},"canonical":"https:\/\/tribetotribe.com\/de\/privacy-statement-au-de\/","og_locale":"de_DE","og_type":"article","og_title":"Privacy Statement (AU) - Tribe to Tribe","og_url":"https:\/\/tribetotribe.com\/de\/privacy-statement-au-de\/","og_site_name":"Tribe to Tribe","article_publisher":"https:\/\/www.facebook.com\/tribetotribenonprofit\/","article_modified_time":"2025-07-14T18:08:43+00:00","twitter_card":"summary_large_image","twitter_misc":{"Gesch\u00e4tzte Lesezeit":"1\u00a0Minute"},"schema":{"@context":"https:\/\/schema.org","@graph":[{"@type":"WebPage","@id":"https:\/\/tribetotribe.com\/de\/privacy-statement-au-de\/","url":"https:\/\/tribetotribe.com\/de\/privacy-statement-au-de\/","name":"Privacy Statement (AU) - Tribe to Tribe","isPartOf":{"@id":"https:\/\/tribetotribe.com\/de\/#website"},"datePublished":"2025-07-14T09:39:44+00:00","dateModified":"2025-07-14T18:08:43+00:00","breadcrumb":{"@id":"https:\/\/tribetotribe.com\/de\/privacy-statement-au-de\/#breadcrumb"},"inLanguage":"de","potentialAction":[{"@type":"ReadAction","target":["https:\/\/tribetotribe.com\/de\/privacy-statement-au-de\/"]}]},{"@type":"BreadcrumbList","@id":"https:\/\/tribetotribe.com\/de\/privacy-statement-au-de\/#breadcrumb","itemListElement":[{"@type":"ListItem","position":1,"name":"Home","item":"https:\/\/tribetotribe.com\/de\/"},{"@type":"ListItem","position":2,"name":"Privacy Statement (AU)"}]},{"@type":"WebSite","@id":"https:\/\/tribetotribe.com\/de\/#website","url":"https:\/\/tribetotribe.com\/de\/","name":"Tribe to Tribe","description":"","publisher":{"@id":"https:\/\/tribetotribe.com\/de\/#organization"},"potentialAction":[{"@type":"SearchAction","target":{"@type":"EntryPoint","urlTemplate":"https:\/\/tribetotribe.com\/de\/?s={search_term_string}"},"query-input":{"@type":"PropertyValueSpecification","valueRequired":true,"valueName":"search_term_string"}}],"inLanguage":"de"},{"@type":"Organization","@id":"https:\/\/tribetotribe.com\/de\/#organization","name":"Tribe to Tribe","url":"https:\/\/tribetotribe.com\/de\/","logo":{"@type":"ImageObject","inLanguage":"de","@id":"https:\/\/tribetotribe.com\/de\/#\/schema\/logo\/image\/","url":"https:\/\/tribetotribe.com\/wp-content\/uploads\/2024\/10\/logo.png","contentUrl":"https:\/\/tribetotribe.com\/wp-content\/uploads\/2024\/10\/logo.png","width":508,"height":507,"caption":"Tribe to Tribe"},"image":{"@id":"https:\/\/tribetotribe.com\/de\/#\/schema\/logo\/image\/"},"sameAs":["https:\/\/www.facebook.com\/tribetotribenonprofit\/"]}]}},"_links":{"self":[{"href":"https:\/\/tribetotribe.com\/de\/wp-json\/wp\/v2\/pages\/2185","targetHints":{"allow":["GET"]}}],"collection":[{"href":"https:\/\/tribetotribe.com\/de\/wp-json\/wp\/v2\/pages"}],"about":[{"href":"https:\/\/tribetotribe.com\/de\/wp-json\/wp\/v2\/types\/page"}],"author":[{"embeddable":true,"href":"https:\/\/tribetotribe.com\/de\/wp-json\/wp\/v2\/users\/1"}],"replies":[{"embeddable":true,"href":"https:\/\/tribetotribe.com\/de\/wp-json\/wp\/v2\/comments?post=2185"}],"version-history":[{"count":0,"href":"https:\/\/tribetotribe.com\/de\/wp-json\/wp\/v2\/pages\/2185\/revisions"}],"wp:attachment":[{"href":"https:\/\/tribetotribe.com\/de\/wp-json\/wp\/v2\/media?parent=2185"}],"curies":[{"name":"wp","href":"https:\/\/api.w.org\/{rel}","templated":true}]}}